{"id":15778,"date":"2017-08-09T09:30:09","date_gmt":"2017-08-09T12:30:09","guid":{"rendered":"https:\/\/escolaeasyway.com.br\/site\/?page_id=15778"},"modified":"2017-08-09T09:30:09","modified_gmt":"2017-08-09T12:30:09","slug":"vote-em-nossa-enquete","status":"publish","type":"page","link":"https:\/\/escolaeasyway.com.br\/site\/vote-em-nossa-enquete\/","title":{"rendered":"Vote em Nossa Enquete"},"content":{"rendered":"<div id=\"polls-2\" class=\"wp-polls\">\n\t<form id=\"polls_form_2\" class=\"wp-polls-form\" action=\"\/site\/index.php\" method=\"post\">\n\t\t<p style=\"display: none;\"><input type=\"hidden\" id=\"poll_2_nonce\" name=\"wp-polls-nonce\" value=\"8eddb99d99\" \/><\/p>\n\t\t<p style=\"display: none;\"><input type=\"hidden\" name=\"poll_id\" value=\"2\" \/><\/p>\n\t\t<p style=\"text-align: center\"><strong>Porque voc\u00ea faz ingl\u00eas?<\/strong><\/p><div id=\"polls-2-ans\" class=\"wp-polls-ans\"><ul class=\"wp-polls-ul\">\n\t\t<li><input type=\"radio\" id=\"poll-answer-6\" name=\"poll_2\" value=\"6\" \/> <label for=\"poll-answer-6\">Porque gosta<\/label><\/li>\n\t\t<li><input type=\"radio\" id=\"poll-answer-7\" name=\"poll_2\" value=\"7\" \/> <label for=\"poll-answer-7\">Para o trabalho<\/label><\/li>\n\t\t<li><input type=\"radio\" id=\"poll-answer-8\" name=\"poll_2\" value=\"8\" \/> <label for=\"poll-answer-8\">Porque precisa<\/label><\/li>\n\t\t<li><input type=\"radio\" id=\"poll-answer-9\" name=\"poll_2\" value=\"9\" \/> <label for=\"poll-answer-9\">Para aumentar a cultura<\/label><\/li>\n\t\t<\/ul><p style=\"text-align: center\"><input type=\"button\" name=\"vote\" value=\"   Votar   \" class=\"Buttons\" onclick=\"poll_vote(2);\" \/><\/p><br \/><p><a href=\"#ViewPollResults\" onclick=\"poll_result(2); return false;\">Ver vota\u00e7\u00e3o<\/a><\/p><\/div>\n\t<\/form>\n<\/div>\n<div id=\"polls-2-loading\" class=\"wp-polls-loading\"><img loading=\"lazy\" decoding=\"async\" src=\"https:\/\/escolaeasyway.com.br\/site\/wp-content\/plugins\/wp-polls\/images\/loading.gif\" width=\"16\" height=\"16\" alt=\"Carregando ...\" title=\"Carregando ...\" class=\"wp-polls-image\" \/>&nbsp;Carregando ...<\/div>\n\n","protected":false},"excerpt":{"rendered":"Porque voc\u00ea faz ingl\u00eas? Porque gosta Para o trabalho Porque precisa Para aumentar a cultura Ver vota\u00e7\u00e3o &nbsp;Carregando ...","protected":false},"author":3,"featured_media":0,"parent":0,"menu_order":0,"comment_status":"closed","ping_status":"closed","template":"","meta":{"_exactmetrics_skip_tracking":false,"_exactmetrics_sitenote_active":false,"_exactmetrics_sitenote_note":"","_exactmetrics_sitenote_category":0,"footnotes":""},"class_list":["post-15778","page","type-page","status-publish","hentry"],"_links":{"self":[{"href":"https:\/\/escolaeasyway.com.br\/site\/wp-json\/wp\/v2\/pages\/15778","targetHints":{"allow":["GET"]}}],"collection":[{"href":"https:\/\/escolaeasyway.com.br\/site\/wp-json\/wp\/v2\/pages"}],"about":[{"href":"https:\/\/escolaeasyway.com.br\/site\/wp-json\/wp\/v2\/types\/page"}],"author":[{"embeddable":true,"href":"https:\/\/escolaeasyway.com.br\/site\/wp-json\/wp\/v2\/users\/3"}],"replies":[{"embeddable":true,"href":"https:\/\/escolaeasyway.com.br\/site\/wp-json\/wp\/v2\/comments?post=15778"}],"version-history":[{"count":0,"href":"https:\/\/escolaeasyway.com.br\/site\/wp-json\/wp\/v2\/pages\/15778\/revisions"}],"wp:attachment":[{"href":"https:\/\/escolaeasyway.com.br\/site\/wp-json\/wp\/v2\/media?parent=15778"}],"curies":[{"name":"wp","href":"https:\/\/api.w.org\/{rel}","templated":true}]}}