{"id":15597,"date":"2015-07-24T11:01:01","date_gmt":"2015-07-24T14:01:01","guid":{"rendered":"https:\/\/escolaeasyway.com.br\/site\/?page_id=15597"},"modified":"2026-04-09T14:10:31","modified_gmt":"2026-04-09T17:10:31","slug":"pagina-principal","status":"publish","type":"page","link":"https:\/\/escolaeasyway.com.br\/site\/","title":{"rendered":"P\u00e1gina Principal"},"content":{"rendered":"<div class=\"wpb-content-wrapper\">[vc_row type=&#8221;grid&#8221; padding_top=&#8221;76&#8243; padding_bottom=&#8221;34&#8243;][vc_column][vc_column_text]\n<h2 style=\"text-align: center;\">Aqui Fazemos a diferen\u00e7a<\/h2>\n[\/vc_column_text][vc_separator type=&#8221;small&#8221; up=&#8221;24&#8243; down=&#8221;29&#8243;][vc_column_text]\n<h6 style=\"text-align: center;\"><strong><span style=\"color: #ff0000;\">Temos orgulho<\/span> <\/strong>de oferecer o curso de ingl\u00eas com diferencial no mercado.<\/h6>\n[\/vc_column_text][vc_separator type=&#8221;transparent&#8221; up=&#8221;35&#8243; down=&#8221;30&#8243;][vc_row_inner][vc_column_inner width=&#8221;1\/4&#8243;]<div class=\"q_box_holder with_icon\" style=\"\"><div class=\"box_holder_icon\"><div class=\"box_holder_icon_inner very_large circle \" style=\"\"><span class=\"fa-stack fa-5x \" style=\"font-size: 48px;border-color: #000000;background-color: #000000;\"><i class=\"fa fa-users fa-stack-1x\" style=\"font-size: 24px;\"><\/i><\/span><\/div><\/div><div class=\"box_holder_inner very_large center\"><h5 class=\"icon_title\" style=\"\">Turmas Reduzidas<\/h5><span class=\"separator transparent\" style=\"margin: 8px 0;\"><\/span><p style=\"\">As turmas s\u00e3o reduzidas, em m\u00e9dia, 6 alunos assistem \u00e0s aulas em cada sala.<\/p><\/div><\/div>[\/vc_column_inner][vc_column_inner width=&#8221;1\/4&#8243;]<div class=\"q_box_holder with_icon\" style=\"\"><div class=\"box_holder_icon\"><div class=\"box_holder_icon_inner very_large circle \" style=\"\"><span class=\"fa-stack fa-5x \" style=\"font-size: 48px;border-color: #000000;background-color: #000000;\"><i class=\"fa fa-comments fa-stack-1x\" style=\"font-size: 24px;\"><\/i><\/span><\/div><\/div><div class=\"box_holder_inner very_large center\"><h5 class=\"icon_title\" style=\"\">Conversa\u00e7\u00e3o Constante<\/h5><span class=\"separator transparent\" style=\"margin: 8px 0;\"><\/span><p style=\"\">\u00c9 dada \u00eanfase \u00e0 conversa\u00e7\u00e3o, apesar de desenvolver tamb\u00e9m as demais habilidades.<\/p><\/div><\/div>[\/vc_column_inner][vc_column_inner width=&#8221;1\/4&#8243;]<div class=\"q_box_holder with_icon\" style=\"\"><div class=\"box_holder_icon\"><div class=\"box_holder_icon_inner very_large circle \" style=\"\"><span class=\"fa-stack fa-5x \" style=\"font-size: 48px;border-color: #000000;background-color: #000000;\"><i class=\"fa fa-refresh fa-stack-1x\" style=\"font-size: 24px;\"><\/i><\/span><\/div><\/div><div class=\"box_holder_inner very_large center\"><h5 class=\"icon_title\" style=\"\">Ingl\u00eas Pr\u00e1tico<\/h5><span class=\"separator transparent\" style=\"margin: 8px 0;\"><\/span><p style=\"\">O ensino \u00e9 voltado para o ingl\u00eas pr\u00e1tico utilizado no ambiente social e profissional.<\/p><\/div><\/div>[\/vc_column_inner][vc_column_inner width=&#8221;1\/4&#8243;]<div class=\"q_box_holder with_icon\" style=\"\"><div class=\"box_holder_icon\"><div class=\"box_holder_icon_inner very_large circle \" style=\"\"><span class=\"fa-stack fa-5x \" style=\"font-size: 48px;border-color: #000000;background-color: #000000;\"><i class=\"fa fa-wifi fa-stack-1x\" style=\"font-size: 24px;\"><\/i><\/span><\/div><\/div><div class=\"box_holder_inner very_large center\"><h5 class=\"icon_title\" style=\"\">Material Online<\/h5><span class=\"separator transparent\" style=\"margin: 8px 0;\"><\/span><p style=\"\">O material did\u00e1tico est\u00e1 dispon\u00edvel a todo momento, 24 horas por dias.<\/p><\/div><\/div>[\/vc_column_inner][\/vc_row_inner][\/vc_column][\/vc_row][vc_row row_type=&#8221;parallax&#8221; text_align=&#8221;center&#8221; background_image=&#8221;15777&#8243; section_height=&#8221;527&#8243;][vc_column][vc_separator type=&#8221;transparent&#8221; up=&#8221;107&#8243;][vc_column_text]\n<h2 style=\"text-align: center;\"><span style=\"color: #ffffff;\">Aniversariantes do M\u00eas<\/span><\/h2>\n[\/vc_column_text][vc_separator type=&#8221;small&#8221; color=&#8221;#ffffff&#8221; up=&#8221;24&#8243; down=&#8221;29&#8243;][vc_row_inner type=&#8221;grid&#8221; el_class=&#8221;birthday&#8221;][vc_column_inner][vc_column_text css=&#8221;&#8221;]\n<div style=\"color: #ffffff;\">09\/04 &#8211; Rog\u00e9rio Romero<\/div>\n<div style=\"color: #ffffff;\">28\/04 &#8211; Ana Beatriz Nicolay<\/div>\n[\/vc_column_text][\/vc_column_inner][\/vc_row_inner][\/vc_column][\/vc_row][vc_row type=&#8221;grid&#8221;][vc_column][vc_separator type=&#8221;transparent&#8221; up=&#8221;24&#8243; down=&#8221;29&#8243;][vc_column_text]\n<h2 style=\"text-align: center;\">Porque as Pessoas Fazem Ingl\u00eas?<\/h2>\n[\/vc_column_text][vc_separator type=&#8221;small&#8221; up=&#8221;24&#8243; down=&#8221;29&#8243;][vc_row_inner][vc_column_inner width=&#8221;1\/4&#8243;]<div class=\"q_pie_chart_holder\"><div class=\"q_percentage\" data-percent=\"32\" data-linewidth=\"12\" data-active=\"\" data-noactive=\"\" style=\"color:#000000;\"><span class=\"tocounter\">32<\/span>%<\/div><div class=\"pie_chart_text\"><h4 class=\"pie_title\" style=\"color: #000000;\">GOSTAM<\/h4><p>A maioria das pessoas o fazem porque gostam, sentem prazer em estudar o idioma.<\/p><\/div><\/div>[\/vc_column_inner][vc_column_inner width=&#8221;1\/4&#8243;]<div class=\"q_pie_chart_holder\"><div class=\"q_percentage\" data-percent=\"31\" data-linewidth=\"12\" data-active=\"\" data-noactive=\"\" style=\"color:#000000;\"><span class=\"tocounter\">31<\/span>%<\/div><div class=\"pie_chart_text\"><h4 class=\"pie_title\" style=\"color: #000000;\">TRABALHO<\/h4><p>Outras pessoas, porque o mercado de trabalho exige flu\u00eancia no idioma.<\/p><\/div><\/div>[\/vc_column_inner][vc_column_inner width=&#8221;1\/4&#8243;]<div class=\"q_pie_chart_holder\"><div class=\"q_percentage\" data-percent=\"25\" data-linewidth=\"12\" data-active=\"\" data-noactive=\"\" style=\"color:#000000;\"><span class=\"tocounter\">25<\/span>%<\/div><div class=\"pie_chart_text\"><h4 class=\"pie_title\" style=\"color: #000000;\">PRECISAM<\/h4><p>Outra parte, fazem porque precisa para estudo ou para viagem internacional.<\/p><\/div><\/div>[\/vc_column_inner][vc_column_inner width=&#8221;1\/4&#8243;]<div class=\"q_pie_chart_holder\"><div class=\"q_percentage\" data-percent=\"12\" data-linewidth=\"12\" data-active=\"\" data-noactive=\"\" style=\"color:#000000;\"><span class=\"tocounter\">12<\/span>%<\/div><div class=\"pie_chart_text\"><h4 class=\"pie_title\" style=\"color: #000000;\">CULTURAL<\/h4><p>Uma pequena parcela de pessoas fazem porque querem aumentar a cultura.<\/p><\/div><\/div>[\/vc_column_inner][\/vc_row_inner]<a href=\"https:\/\/escolaeasyway.com.br\/site\/vote-em-nossa-enquete\/\" target=\"_self\"  class=\"qbutton  center\" style=\"\">Vote em Nossa Enquete<\/a>[vc_separator type=&#8221;transparent&#8221; up=&#8221;24&#8243; down=&#8221;29&#8243;][\/vc_column][\/vc_row][vc_row row_type=&#8221;parallax&#8221; background_image=&#8221;15084&#8243; section_height=&#8221;650&#8243;][vc_column][vc_separator type=&#8221;transparent&#8221; up=&#8221;107&#8243;][vc_column_text]\n<h2 style=\"text-align: center;\"><span style=\"color: #ffffff;\">Ganhe 4 Aulas Gr\u00e1tis<\/span><\/h2>\n[\/vc_column_text][vc_separator type=&#8221;small&#8221; color=&#8221;#ffffff&#8221; up=&#8221;24&#8243; down=&#8221;29&#8243;][vc_column_text]\n<h6 style=\"text-align: center;\"><span style=\"color: #ffffff;\">Isso mesmo, voc\u00ea pode solicitar atrav\u00e9s do formul\u00e1rio abaixo, 4 aulas gr\u00e1tis e comprovar a nossa alta qualidade dos nossos cursos.<\/span><\/h6>\n[\/vc_column_text]\n<div class=\"wpcf7 no-js\" id=\"wpcf7-f15601-o1\" lang=\"pt-BR\" dir=\"ltr\" data-wpcf7-id=\"15601\">\n<div class=\"screen-reader-response\"><p role=\"status\" aria-live=\"polite\" aria-atomic=\"true\"><\/p> <ul><\/ul><\/div>\n<form action=\"\/site\/wp-json\/wp\/v2\/pages\/15597#wpcf7-f15601-o1\" method=\"post\" class=\"wpcf7-form init\" aria-label=\"Formul\u00e1rios de contato\" novalidate=\"novalidate\" data-status=\"init\">\n<div style=\"display: none;\">\n<input type=\"hidden\" name=\"_wpcf7\" value=\"15601\" \/>\n<input type=\"hidden\" name=\"_wpcf7_version\" value=\"6.0.6\" \/>\n<input type=\"hidden\" name=\"_wpcf7_locale\" value=\"pt_BR\" \/>\n<input type=\"hidden\" name=\"_wpcf7_unit_tag\" value=\"wpcf7-f15601-o1\" \/>\n<input type=\"hidden\" name=\"_wpcf7_container_post\" value=\"0\" \/>\n<input type=\"hidden\" name=\"_wpcf7_posted_data_hash\" value=\"\" \/>\n<\/div>\n<div style=\"float: left; width: 30%; margin-right: 5%\">\n\t<p><span class=\"wpcf7-form-control-wrap\" data-name=\"your-name\"><input size=\"40\" maxlength=\"400\" class=\"wpcf7-form-control wpcf7-text wpcf7-validates-as-required\" aria-required=\"true\" aria-invalid=\"false\" placeholder=\"Nome*\" value=\"\" type=\"text\" name=\"your-name\" \/><\/span>\n\t<\/p>\n<\/div>\n<div style=\"float: left; width: 30%;>\n\t<p><span class=\"wpcf7-form-control-wrap\" data-name=\"your-email\"><input size=\"40\" maxlength=\"400\" class=\"wpcf7-form-control wpcf7-email wpcf7-validates-as-required wpcf7-text wpcf7-validates-as-email\" aria-required=\"true\" aria-invalid=\"false\" placeholder=\"E-mail*\" value=\"\" type=\"email\" name=\"your-email\" \/><\/span>\n\t<\/p>\n<\/div>\n<div style=\"float: right; width: 30%\">\n\t<p><span class=\"wpcf7-form-control-wrap\" data-name=\"your-phone\"><input size=\"40\" maxlength=\"400\" class=\"wpcf7-form-control wpcf7-text wpcf7-validates-as-required\" aria-required=\"true\" aria-invalid=\"false\" placeholder=\"Telefone*\" value=\"\" type=\"text\" name=\"your-phone\" \/><\/span>\n\t<\/p>\n<\/div>\n<div style=\"float: right; width: 100%; margin-top: 15px\">\n\t<p>[recaptcha]\n\t<\/p>\n<\/div>\n<div style=\"display: none\">\n\t<p><span class=\"wpcf7-form-control-wrap\" data-name=\"your-subject\"><input size=\"40\" maxlength=\"400\" class=\"wpcf7-form-control wpcf7-text\" aria-invalid=\"false\" value=\"Aula Gr\u00e1tis\" type=\"text\" name=\"your-subject\" \/><\/span>\n\t<\/p>\n<\/div>\n<div style=\"clear: both\">\n<\/div>\n<p style=\"color: #fff\">(*) Campos com preenchimento obrigat\u00f3rio.\n<\/p>\n<p><input class=\"wpcf7-form-control wpcf7-submit has-spinner btn btn-primary\" type=\"submit\" value=\"solicitar aulas gr\u00e1tis\" \/>\n<\/p><div class=\"wpcf7-response-output\" aria-hidden=\"true\"><\/div>\n<\/form>\n<\/div>\n[\/vc_column][\/vc_row][vc_row type=&#8221;grid&#8221; background_color=&#8221;#f1f1f1&#8243; padding_top=&#8221;72&#8243; padding_bottom=&#8221;34&#8243;][vc_column][vc_column_text]\n<h2 style=\"text-align: center;\">O Que Nossos Alunos Falam<\/h2>\n[\/vc_column_text][vc_separator type=&#8221;small&#8221; up=&#8221;24&#8243; down=&#8221;29&#8243;]<div class='testimonials_holder clearfix '><div class=\"testimonials testimonials_carousel\" data-show-navigation=\"no\" data-animation-type=\"\" data-animation-speed=\"\" data-auto-rotate-slides=\"10\"><ul class=\"slides\"><li id=\"testimonials15607\" class=\"testimonial_content\"><div class=\"testimonial_content_inner\"><div class=\"testimonial_text_holder\"><div class=\"testimonial_text_inner\" style=\"\"><p>Adoro as aulas, o professor Rosni est\u00e1 sempre dando exemplos e fazendo questionamentos para que o conte\u00fado seja assimilado mais facilmente.<\/p><p class=\"testimonial_author\" style=\"color: #d82427;font-size: 14px;\">Val\u00e9ria Gomes<\/p><\/div><\/div><\/div><\/li><li id=\"testimonials15609\" class=\"testimonial_content\"><div class=\"testimonial_content_inner\"><div class=\"testimonial_text_holder\"><div class=\"testimonial_text_inner\" style=\"\"><p>Al\u00e9m das aulas serem \u00f3timas, na minha opini\u00e3o, as mensalidades cabem no meu bolso.<\/p><p class=\"testimonial_author\" style=\"color: #d82427;font-size: 14px;\">M\u00f4nica Aparecida dos Santos<\/p><\/div><\/div><\/div><\/li><li id=\"testimonials15608\" class=\"testimonial_content\"><div class=\"testimonial_content_inner\"><div class=\"testimonial_text_holder\"><div class=\"testimonial_text_inner\" style=\"\"><p>Escolhi a escola easy way porque as aulas s\u00e3o ministradas utilizando computadores e, como o material \u00e9 online, posso revisar de qualquer lugar.<\/p><p class=\"testimonial_author\" style=\"color: #d82427;font-size: 14px;\">Patrick J. Camilli<\/p><\/div><\/div><\/div><\/li><\/ul><\/div><\/div>[\/vc_column][\/vc_row]\n<\/div>","protected":false},"excerpt":{"rendered":"<p>[vc_row type=&#8221;grid&#8221; padding_top=&#8221;76&#8243; padding_bottom=&#8221;34&#8243;][vc_column][vc_column_text] Aqui Fazemos a diferen\u00e7a [\/vc_column_text][vc_separator type=&#8221;small&#8221; up=&#8221;24&#8243; down=&#8221;29&#8243;][vc_column_text] Temos orgulho de oferecer o curso de ingl\u00eas com diferencial no mercado. [\/vc_column_text][vc_separator type=&#8221;transparent&#8221; up=&#8221;35&#8243; down=&#8221;30&#8243;][vc_row_inner][vc_column_inner width=&#8221;1\/4&#8243;][\/vc_column_inner][vc_column_inner width=&#8221;1\/4&#8243;][\/vc_column_inner][vc_column_inner width=&#8221;1\/4&#8243;][\/vc_column_inner][vc_column_inner width=&#8221;1\/4&#8243;][\/vc_column_inner][\/vc_row_inner][\/vc_column][\/vc_row][vc_row row_type=&#8221;parallax&#8221; text_align=&#8221;center&#8221; background_image=&#8221;15777&#8243; section_height=&#8221;527&#8243;][vc_column][vc_separator type=&#8221;transparent&#8221; up=&#8221;107&#8243;][vc_column_text] Aniversariantes do M\u00eas [\/vc_column_text][vc_separator type=&#8221;small&#8221; color=&#8221;#ffffff&#8221; up=&#8221;24&#8243;&#8230;<\/p>\n","protected":false},"author":2,"featured_media":0,"parent":0,"menu_order":0,"comment_status":"closed","ping_status":"closed","template":"full_width.php","meta":{"_exactmetrics_skip_tracking":false,"_exactmetrics_sitenote_active":false,"_exactmetrics_sitenote_note":"","_exactmetrics_sitenote_category":0,"footnotes":""},"class_list":["post-15597","page","type-page","status-publish","hentry"],"_links":{"self":[{"href":"https:\/\/escolaeasyway.com.br\/site\/wp-json\/wp\/v2\/pages\/15597","targetHints":{"allow":["GET"]}}],"collection":[{"href":"https:\/\/escolaeasyway.com.br\/site\/wp-json\/wp\/v2\/pages"}],"about":[{"href":"https:\/\/escolaeasyway.com.br\/site\/wp-json\/wp\/v2\/types\/page"}],"author":[{"embeddable":true,"href":"https:\/\/escolaeasyway.com.br\/site\/wp-json\/wp\/v2\/users\/2"}],"replies":[{"embeddable":true,"href":"https:\/\/escolaeasyway.com.br\/site\/wp-json\/wp\/v2\/comments?post=15597"}],"version-history":[{"count":0,"href":"https:\/\/escolaeasyway.com.br\/site\/wp-json\/wp\/v2\/pages\/15597\/revisions"}],"wp:attachment":[{"href":"https:\/\/escolaeasyway.com.br\/site\/wp-json\/wp\/v2\/media?parent=15597"}],"curies":[{"name":"wp","href":"https:\/\/api.w.org\/{rel}","templated":true}]}}