{"id":15448,"date":"2015-07-17T19:29:09","date_gmt":"2015-07-17T22:29:09","guid":{"rendered":"https:\/\/escolaeasyway.com.br\/site\/?page_id=15448"},"modified":"2017-08-15T15:31:04","modified_gmt":"2017-08-15T18:31:04","slug":"ambientes","status":"publish","type":"page","link":"https:\/\/escolaeasyway.com.br\/site\/quem-somos\/ambientes\/","title":{"rendered":"Ambientes"},"content":{"rendered":"<div class=\"wpb-content-wrapper\">[vc_row][vc_column][vc_column_text]\n<h2 style=\"text-align: center;\">Recep\u00e7\u00e3o, Biblioteca e Salas de Aula<\/h2>\n[\/vc_column_text][vc_separator type=&#8221;small&#8221; up=&#8221;24&#8243; down=&#8221;29&#8243;][vc_gallery interval=&#8221;10&#8243; images=&#8221;15451,15453,15452,15458,15454,15455,15457,15456&#8243; img_size=&#8221;1100&#215;466&#8243; onclick=&#8221;&#8221;][vc_empty_space height=&#8221;1em&#8221;][vc_column_text]A <strong>Escola Easy Way<\/strong> preparou ambientes <strong>confort\u00e1veis e agrad\u00e1veis<\/strong> para estimular a aprendizagem do idioma ingl\u00eas.<br \/>\nOs ambientes foram <strong>planejados<\/strong> cuidadosamente para <strong>estimular<\/strong> a curiosidade e <strong>senso de pesquisa<\/strong> do aluno.<br \/>\nNa recep\u00e7\u00e3o, enquanto aguarda, o aluno pode observar a <strong>hist\u00f3ria dos Estados Unidos da Am\u00e9rica<\/strong> atrav\u00e9s de quadros expostos na parede.<br \/>\nCaso prefira, o aluno pode <strong>ler<\/strong> uma <strong>revista ou livro<\/strong>, naturalmente, em ingl\u00eas. O acervo tamb\u00e9m est\u00e1 dispon\u00edvel <strong>totalmente gratuito<\/strong> para a retirada, o objetivo \u00e9 que o aluno <strong>aumente o seu vocabul\u00e1rio<\/strong> no conforto da sua casa.<br \/>\nAs salas de aula s\u00e3o <strong>climatizadas<\/strong> e contem <strong>computadores de \u00faltima gera\u00e7\u00e3o<\/strong> para o desenvolvimento das aulas com turmas pequenas, facilitando a comunica\u00e7\u00e3o e intera\u00e7\u00e3o entre o professor e o aluno.[\/vc_column_text][vc_empty_space height=&#8221;3em&#8221;][\/vc_column][\/vc_row]\n<\/div>","protected":false},"excerpt":{"rendered":"<p>[vc_row][vc_column][vc_column_text] Recep\u00e7\u00e3o, Biblioteca e Salas de Aula [\/vc_column_text][vc_separator type=&#8221;small&#8221; up=&#8221;24&#8243; down=&#8221;29&#8243;][vc_gallery interval=&#8221;10&#8243; images=&#8221;15451,15453,15452,15458,15454,15455,15457,15456&#8243; img_size=&#8221;1100&#215;466&#8243; onclick=&#8221;&#8221;][vc_empty_space height=&#8221;1em&#8221;][vc_column_text]A Escola Easy Way preparou ambientes confort\u00e1veis e agrad\u00e1veis para estimular a aprendizagem do idioma ingl\u00eas. Os ambientes foram planejados cuidadosamente para estimular a curiosidade e senso de pesquisa do&#8230;<\/p>\n","protected":false},"author":2,"featured_media":0,"parent":15384,"menu_order":0,"comment_status":"closed","ping_status":"closed","template":"","meta":{"_exactmetrics_skip_tracking":false,"_exactmetrics_sitenote_active":false,"_exactmetrics_sitenote_note":"","_exactmetrics_sitenote_category":0,"footnotes":""},"class_list":["post-15448","page","type-page","status-publish","hentry"],"_links":{"self":[{"href":"https:\/\/escolaeasyway.com.br\/site\/wp-json\/wp\/v2\/pages\/15448","targetHints":{"allow":["GET"]}}],"collection":[{"href":"https:\/\/escolaeasyway.com.br\/site\/wp-json\/wp\/v2\/pages"}],"about":[{"href":"https:\/\/escolaeasyway.com.br\/site\/wp-json\/wp\/v2\/types\/page"}],"author":[{"embeddable":true,"href":"https:\/\/escolaeasyway.com.br\/site\/wp-json\/wp\/v2\/users\/2"}],"replies":[{"embeddable":true,"href":"https:\/\/escolaeasyway.com.br\/site\/wp-json\/wp\/v2\/comments?post=15448"}],"version-history":[{"count":0,"href":"https:\/\/escolaeasyway.com.br\/site\/wp-json\/wp\/v2\/pages\/15448\/revisions"}],"up":[{"embeddable":true,"href":"https:\/\/escolaeasyway.com.br\/site\/wp-json\/wp\/v2\/pages\/15384"}],"wp:attachment":[{"href":"https:\/\/escolaeasyway.com.br\/site\/wp-json\/wp\/v2\/media?parent=15448"}],"curies":[{"name":"wp","href":"https:\/\/api.w.org\/{rel}","templated":true}]}}