{"id":15424,"date":"2015-06-22T09:59:21","date_gmt":"2015-06-22T12:59:21","guid":{"rendered":"https:\/\/escolaeasyway.com.br\/site\/?page_id=15424"},"modified":"2015-07-31T14:58:09","modified_gmt":"2015-07-31T17:58:09","slug":"turmas","status":"publish","type":"page","link":"https:\/\/escolaeasyway.com.br\/site\/quem-somos\/turmas\/","title":{"rendered":"Turmas"},"content":{"rendered":"<div class=\"wpb-content-wrapper\">[vc_row][vc_column width=&#8221;1\/1&#8243;][vc_column_text]\n<h2 style=\"text-align: center;\">Teenage<\/h2>\n[\/vc_column_text][vc_separator type=&#8221;small&#8221; position=&#8221;center&#8221; up=&#8221;24&#8243; down=&#8221;29&#8243;][vc_single_image image=&#8221;15426&#8243; alignment=&#8221;center&#8221; border_color=&#8221;grey&#8221; img_link_target=&#8221;_self&#8221; qode_css_animation=&#8221;element_from_fade&#8221; transition_delay=&#8221;0.1&#8243; img_size=&#8221;1100&#215;466&#8243;][vc_empty_space height=&#8221;1em&#8221;][vc_column_text]As <strong>turmas Teenage<\/strong> s\u00e3o <strong>formadas<\/strong> apenas por <strong>adolescentes<\/strong>, pessoas da mesma faixa et\u00e1ria, que entendem o <strong>mesmo mundo<\/strong>.<\/p>\n<p>As turmas s\u00e3o desenvolvidas para alunos de <strong>11 \u00e0 15 anos<\/strong>, promevendo comunica\u00e7\u00e3o espont\u00e2nea, aprendizado a partir de situa\u00e7\u00f5es reais do dia a dia, tratando de <strong>assuntos pr\u00f3prios da idade<\/strong>.<\/p>\n<p>Os <strong>assuntos<\/strong> s\u00e3o <strong>atuais<\/strong> e de interesse do aluno, com foco na comunica\u00e7\u00e3o, intera\u00e7\u00e3o entre o grupo e o professor.<\/p>\n<p>O professor \u00e9 treinado para ter a <strong>habilidade de surpreender<\/strong> os alunos, acompanhando dentro e fora da sala de aula, promovendo um <strong>ambiente descontra\u00eddo<\/strong> que facilita a reten\u00e7\u00e3o das informa\u00e7\u00f5es, a competi\u00e7\u00e3o, utilizando m\u00fasicas, filmes, tudo para motivar e facilitar a aprendizagem.[\/vc_column_text][vc_empty_space height=&#8221;3em&#8221;][\/vc_column][\/vc_row][vc_row][vc_column width=&#8221;1\/1&#8243;][vc_column_text]\n<h2 style=\"text-align: center;\">Mixed<\/h2>\n[\/vc_column_text][vc_separator type=&#8221;small&#8221; position=&#8221;center&#8221; up=&#8221;24&#8243; down=&#8221;29&#8243;][vc_single_image image=&#8221;15428&#8243; alignment=&#8221;center&#8221; border_color=&#8221;grey&#8221; img_link_target=&#8221;_self&#8221; qode_css_animation=&#8221;element_from_fade&#8221; transition_delay=&#8221;0.1&#8243; img_size=&#8221;1100&#215;466&#8243;][vc_empty_space height=&#8221;1em&#8221;][vc_column_text]As <strong>turmas Mixed<\/strong> s\u00e3o formadas por adolescentes, adultos e melhor idade, <strong>pessoas heterog\u00eaneas<\/strong> que compartilham vis\u00f5es diferentes do mesmo mundo, resultando em <strong>troca de experi\u00eancias<\/strong>.<\/p>\n<p>O objetivo \u00e9 a <strong>consolida\u00e7\u00e3o de conhecimentos<\/strong>, a reflex\u00e3o cr\u00edtica do aluno de forma <strong>comunicativa<\/strong> e leve entre a turma.<\/p>\n<p>Fazer apresenta\u00e7\u00f5es \u00e0 turma sobre assuntos simples, escolhido pelo pr\u00f3prio aluno.<\/p>\n<p>Participar de <strong>discuss\u00f5es e debates<\/strong> sobre assuntos atuais e controversos, <strong>expressar-se<\/strong> de acordo com suas opini\u00f5es, falar sobre sua <strong>vis\u00e3o cr\u00edtica<\/strong> do tema levantado usando um vocabul\u00e1rio mais pr\u00f3prio para lidar com diferentes situa\u00e7\u00f5es na l\u00edngua estrangeira.<\/p>\n<p><strong>O professor<\/strong>, devidamente treinado, <strong>estimula o di\u00e1logo<\/strong> e prop\u00f5em novos temas, como tamb\u00e9m, acompanha, <strong>supervis\u00e3o e orienta\u00e7\u00e3o<\/strong> sobre o que esta sendo comentado e discutido.[\/vc_column_text][vc_empty_space height=&#8221;3em&#8221;][\/vc_column][\/vc_row][vc_row][vc_column width=&#8221;1\/1&#8243;][vc_column_text]\n<h2 style=\"text-align: center;\">VIP<\/h2>\n[\/vc_column_text][vc_separator type=&#8221;small&#8221; position=&#8221;center&#8221; up=&#8221;24&#8243; down=&#8221;29&#8243;][vc_single_image image=&#8221;15429&#8243; alignment=&#8221;center&#8221; border_color=&#8221;grey&#8221; img_link_target=&#8221;_self&#8221; qode_css_animation=&#8221;element_from_fade&#8221; transition_delay=&#8221;0.1&#8243; img_size=&#8221;1100&#215;466&#8243;][vc_empty_space height=&#8221;1em&#8221;][vc_column_text]As <strong>turmas VIP<\/strong> s\u00e3o voltadas para alunos que precisam <strong>aprender<\/strong> um idioma de forma <strong>acelerada e eficaz<\/strong>.<br \/>\nEssas turmas s\u00e3o recomendadas para quem deseja ter \u00e0 disposi\u00e7\u00e3o um <strong>professor exclusivo<\/strong>, que se adapte \u00e0s <strong>necessidades<\/strong> e dificuldades do aluno em qualquer \u00e9poca do ano.<br \/>\nAprender com o apoio de um professor exclusivo \u00e9 a <strong>forma mais r\u00e1pida<\/strong> e eficiente de se falar <strong>ingl\u00eas fluentemente<\/strong>, seja qual for o n\u00edvel do aluno.<br \/>\nO aluno vai receber <strong>aten\u00e7\u00e3o personalizada<\/strong> para poder melhorar o vocabul\u00e1rio, gram\u00e1tica e pron\u00fancia, ganhando confian\u00e7a para falar e interagir em ingl\u00eas.<br \/>\nPois as aulas s\u00e3o focadas na necessidade individual, trazendo <strong>mais agilidade<\/strong> no aprendizado, fazendo o aluno atingir os <strong>resultados esperados em menor tempo<\/strong>.[\/vc_column_text][vc_empty_space height=&#8221;3em&#8221;][\/vc_column][\/vc_row]\n<\/div>","protected":false},"excerpt":{"rendered":"<p>[vc_row][vc_column width=&#8221;1\/1&#8243;][vc_column_text] Teenage [\/vc_column_text][vc_separator type=&#8221;small&#8221; position=&#8221;center&#8221; up=&#8221;24&#8243; down=&#8221;29&#8243;][vc_single_image image=&#8221;15426&#8243; alignment=&#8221;center&#8221; border_color=&#8221;grey&#8221; img_link_target=&#8221;_self&#8221; qode_css_animation=&#8221;element_from_fade&#8221; transition_delay=&#8221;0.1&#8243; img_size=&#8221;1100&#215;466&#8243;][vc_empty_space height=&#8221;1em&#8221;][vc_column_text]As turmas Teenage s\u00e3o formadas apenas por adolescentes, pessoas da mesma faixa et\u00e1ria, que entendem o mesmo mundo. As turmas s\u00e3o desenvolvidas para alunos de 11 \u00e0 15 anos, promevendo&#8230;<\/p>\n","protected":false},"author":2,"featured_media":0,"parent":15384,"menu_order":0,"comment_status":"open","ping_status":"open","template":"","meta":{"_exactmetrics_skip_tracking":false,"_exactmetrics_sitenote_active":false,"_exactmetrics_sitenote_note":"","_exactmetrics_sitenote_category":0,"footnotes":""},"class_list":["post-15424","page","type-page","status-publish","hentry"],"_links":{"self":[{"href":"https:\/\/escolaeasyway.com.br\/site\/wp-json\/wp\/v2\/pages\/15424","targetHints":{"allow":["GET"]}}],"collection":[{"href":"https:\/\/escolaeasyway.com.br\/site\/wp-json\/wp\/v2\/pages"}],"about":[{"href":"https:\/\/escolaeasyway.com.br\/site\/wp-json\/wp\/v2\/types\/page"}],"author":[{"embeddable":true,"href":"https:\/\/escolaeasyway.com.br\/site\/wp-json\/wp\/v2\/users\/2"}],"replies":[{"embeddable":true,"href":"https:\/\/escolaeasyway.com.br\/site\/wp-json\/wp\/v2\/comments?post=15424"}],"version-history":[{"count":0,"href":"https:\/\/escolaeasyway.com.br\/site\/wp-json\/wp\/v2\/pages\/15424\/revisions"}],"up":[{"embeddable":true,"href":"https:\/\/escolaeasyway.com.br\/site\/wp-json\/wp\/v2\/pages\/15384"}],"wp:attachment":[{"href":"https:\/\/escolaeasyway.com.br\/site\/wp-json\/wp\/v2\/media?parent=15424"}],"curies":[{"name":"wp","href":"https:\/\/api.w.org\/{rel}","templated":true}]}}