{"id":15388,"date":"2015-06-15T15:07:36","date_gmt":"2015-06-15T18:07:36","guid":{"rendered":"https:\/\/escolaeasyway.com.br\/site\/?page_id=15388"},"modified":"2015-07-31T14:57:07","modified_gmt":"2015-07-31T17:57:07","slug":"metodologia","status":"publish","type":"page","link":"https:\/\/escolaeasyway.com.br\/site\/quem-somos\/metodologia\/","title":{"rendered":"Metodologia"},"content":{"rendered":"<div class=\"wpb-content-wrapper\">[vc_row][vc_column width=&#8221;1\/1&#8243;][vc_column_text]\n<h2 style=\"text-align: center;\">Diferenciais<\/h2>\n[\/vc_column_text][vc_separator type=&#8221;small&#8221; position=&#8221;center&#8221; up=&#8221;24&#8243; down=&#8221;29&#8243;][vc_single_image image=&#8221;15391&#8243; alignment=&#8221;center&#8221; border_color=&#8221;grey&#8221; img_link_target=&#8221;_self&#8221; img_size=&#8221;1100&#215;466&#8243; qode_css_animation=&#8221;element_from_fade&#8221; transition_delay=&#8221;0.1&#8243;][vc_empty_space height=&#8221;3em&#8221;][vc_column_text][\/vc_column][\/vc_row][vc_row][vc_column width=&#8221;1\/2&#8243;][vc_column_text]\n<h3 style=\"text-align: center;\">Turmas Reduzidas<\/h3>\n[\/vc_column_text][vc_separator type=&#8221;small&#8221; position=&#8221;center&#8221; up=&#8221;24&#8243; down=&#8221;29&#8243;][vc_single_image image=&#8221;15390&#8243; border_color=&#8221;grey&#8221; img_link_target=&#8221;_self&#8221; qode_css_animation=&#8221;element_from_fade&#8221; transition_delay=&#8221;0.1&#8243; img_size=&#8221;535&#215;333&#8243;][vc_empty_space height=&#8221;1em&#8221;][vc_column_text]As <strong>turmas<\/strong> s\u00e3o <strong>reduzidas<\/strong>, em m\u00e9dia, <strong>6 alunos<\/strong> assistem \u00e0s aulas em cada sala.<\/p>\n<p>As turmas reduzidas foram pensadas para o professor acompanhar melhor o desenvolvimento do aluno.<\/p>\n<p>Cada aluno tem uma caracter\u00edstica diferente para <strong>aprender ingl\u00eas<\/strong>, uns t\u00eam um dom\u00ednio b\u00e1sico do idioma, outros t\u00eam um n\u00edvel mais avan\u00e7ado, alguns n\u00e3o sabem nada da l\u00edngua, outros procuram uma escola para desenvolver a conversa\u00e7\u00e3o.<\/p>\n<p>Com as turmas reduzidas o <strong>acompanhamento<\/strong> \u00e9 <strong>mais pr\u00f3ximo<\/strong> e o professor sempre estar\u00e1 ao lado.[\/vc_column_text][vc_empty_space height=&#8221;3em&#8221;][\/vc_column][vc_column width=&#8221;1\/2&#8243;][vc_column_text]\n<h3 style=\"text-align: center;\">Conversa\u00e7\u00e3o Constante<\/h3>\n[\/vc_column_text][vc_separator type=&#8221;small&#8221; position=&#8221;center&#8221; up=&#8221;24&#8243; down=&#8221;29&#8243;][vc_single_image image=&#8221;15393&#8243; alignment=&#8221;center&#8221; border_color=&#8221;grey&#8221; img_link_target=&#8221;_self&#8221; qode_css_animation=&#8221;element_from_fade&#8221; transition_delay=&#8221;0.2&#8243; img_size=&#8221;535&#215;333&#8243;][vc_empty_space height=&#8221;1em&#8221;][vc_column_text]\u00c9 dada \u00eanfase \u00e0 <strong>conversa\u00e7\u00e3o<\/strong>, apesar de o aluno desenvolver tamb\u00e9m as demais habilidades necess\u00e1rias para se comunicar na l\u00edngua inglesa, como, escrita, leitura e compreens\u00e3o oral.<\/p>\n<p>O professor estimula sempre a <strong>comunica\u00e7\u00e3o em ingl\u00eas<\/strong> para que o aluno aprenda a lidar com o idioma de forma r\u00e1pida e natural.<\/p>\n<p>O <strong>vocabul\u00e1rio<\/strong> utilizado pelo professor \u00e9 adequado ao n\u00edvel de conhecimento de cada turma, principalmente para iniciantes.<\/p>\n<p>Em <strong>pouco tempo<\/strong> e com naturalidade, os alunos adquirem confian\u00e7a e tamb\u00e9m passam se comunicar s\u00f3 em ingl\u00eas.[\/vc_column_text][vc_empty_space height=&#8221;3em&#8221;][\/vc_column][\/vc_row][vc_row][vc_column width=&#8221;1\/2&#8243;][vc_column_text]\n<h3 style=\"text-align: center;\">Ingl\u00eas Pr\u00e1tico<\/h3>\n[\/vc_column_text][vc_separator type=&#8221;small&#8221; position=&#8221;center&#8221; up=&#8221;24&#8243; down=&#8221;29&#8243;][vc_single_image image=&#8221;15423&#8243; border_color=&#8221;grey&#8221; img_link_target=&#8221;_self&#8221; qode_css_animation=&#8221;element_from_fade&#8221; transition_delay=&#8221;0.1&#8243; img_size=&#8221;535&#215;333&#8243;][vc_empty_space height=&#8221;1em&#8221;][vc_column_text]O ensino \u00e9 voltado para o <strong>ingl\u00eas pr\u00e1tico<\/strong> utilizado no ambiente <strong>social e profissional<\/strong>, desenvolvendo todas as habilidades necess\u00e1rias para a comunica\u00e7\u00e3o, tais como, compreens\u00e3o oral, leitura, escrita e principalmente a conversa\u00e7\u00e3o. As <strong>aulas s\u00e3o din\u00e2micas<\/strong> e utilizam diversos recursos multim\u00eddia. Cada aluno recebe <strong>aten\u00e7\u00e3o personalizada<\/strong>, assegurando o progresso e a supera\u00e7\u00e3o de dificuldades individuais.[\/vc_column_text][vc_empty_space height=&#8221;3em&#8221;][\/vc_column][vc_column width=&#8221;1\/2&#8243;][vc_column_text]\n<h3 style=\"text-align: center;\">Material Did\u00e1tico Online<\/h3>\n[\/vc_column_text][vc_separator type=&#8221;small&#8221; position=&#8221;center&#8221; up=&#8221;24&#8243; down=&#8221;29&#8243;][vc_single_image image=&#8221;15405&#8243; alignment=&#8221;center&#8221; border_color=&#8221;grey&#8221; img_link_target=&#8221;_self&#8221; qode_css_animation=&#8221;element_from_fade&#8221; transition_delay=&#8221;0.2&#8243; img_size=&#8221;535&#215;333&#8243;][vc_empty_space height=&#8221;1em&#8221;][vc_column_text]O <strong>material did\u00e1tico<\/strong> est\u00e1 dispon\u00edvel a todo momento, 24 horas por dia, sete dias por semana, atrav\u00e9s de nosso rico <strong>sistema de aprendizado online<\/strong>. Atrav\u00e9s dele, o aluno pode acessar<strong> \u00e0 qualquer hora<\/strong> e consultar o material do curso, ou se preferir, baixar o conte\u00fado para seu computador.[\/vc_column_text][vc_empty_space height=&#8221;3em&#8221;][\/vc_column][\/vc_row][vc_row][vc_column width=&#8221;1\/1&#8243;][vc_column_text]\n<h2 style=\"text-align: center;\">Resultados<\/h2>\n[\/vc_column_text][vc_separator type=&#8221;small&#8221; position=&#8221;center&#8221; up=&#8221;24&#8243; down=&#8221;29&#8243;][vc_single_image image=&#8221;15413&#8243; alignment=&#8221;center&#8221; border_color=&#8221;grey&#8221; img_link_target=&#8221;_self&#8221; qode_css_animation=&#8221;element_from_fade&#8221; transition_delay=&#8221;0.1&#8243; img_size=&#8221;1100&#215;466&#8243;][vc_empty_space height=&#8221;1em&#8221;][vc_column_text]Aprender ingl\u00eas exige <strong>tempo, dedica\u00e7\u00e3o e interesse<\/strong> do aluno. <strong>Interagir e trocar experi\u00eancia \u00e9 aprender.<\/strong><\/p>\n<p>Os alunos <strong>aumentam<\/strong> seu <strong>dom\u00ednio do ingl\u00eas<\/strong> com os colegas de classe e na realiza\u00e7\u00e3o de <strong>projetos<\/strong> de <strong>diversos temas<\/strong> ligados ao seu universo, como, esportes, animais de estima\u00e7\u00e3o, personagens famosos, entre outros.<\/p>\n<p>O aluno ficar\u00e1 cada vez <strong>mais confiante<\/strong> para se posicionar em situa\u00e7\u00f5es de trabalho que exijam o <strong>idioma<\/strong>. Vai conseguir <strong>interagir<\/strong> melhor com <strong>estrangeiros<\/strong> em contextos <strong>sociais<\/strong> e <strong>profissionais<\/strong>. Al\u00e9m de conseguir se comunicar por email ou telefone.<\/p>\n<p>O aluno estar\u00e1 <strong>apto<\/strong> a descrever e fazer <strong>compara\u00e7\u00f5es<\/strong> de pessoas, lugares e objetos. <strong>Solicitar<\/strong> e dar <strong>informa\u00e7\u00f5es<\/strong> sobre como chegar \u00e0 determinados lugares. Pedir e dar <strong>conselhos e sugest\u00f5es<\/strong>. Concordar, discordar, deduzir e generalizar. <strong>Expressar<\/strong> obriga\u00e7\u00e3o, proibi\u00e7\u00e3o e necessidade, como tamb\u00e9m, pedir, dar e recusar permiss\u00e3o.[\/vc_column_text][vc_empty_space height=&#8221;3em&#8221;][\/vc_column][\/vc_row][vc_row][vc_column width=&#8221;1\/1&#8243;][vc_column_text]\n<h2 style=\"text-align: center;\">Dura\u00e7\u00e3o<\/h2>\n[\/vc_column_text][vc_separator type=&#8221;small&#8221; position=&#8221;center&#8221; up=&#8221;24&#8243; down=&#8221;29&#8243;][vc_single_image image=&#8221;15414&#8243; alignment=&#8221;center&#8221; border_color=&#8221;grey&#8221; img_link_target=&#8221;_self&#8221; qode_css_animation=&#8221;element_from_fade&#8221; transition_delay=&#8221;0.1&#8243; img_size=&#8221;1100&#215;466&#8243;][vc_empty_space height=&#8221;1em&#8221;][vc_column_text]O <strong>curso de ingl\u00eas<\/strong> \u00e9 composto por <strong>7 n\u00edveis<\/strong> e \u00e9 oferecido atrav\u00e9s de uma aula de 2 horas e <strong>complementado<\/strong> com mais 2 horas de <strong>laborat\u00f3rio <\/strong>por semana, dispon\u00edveis de <strong>segunda \u00e0 s\u00e1bado<\/strong>.<\/p>\n<p>O aluno pode optar, se <strong>preferir<\/strong>, pela <strong>turma VIP<\/strong>, escolhendo quantidade de horas, dia e hor\u00e1rio que forem mais convenientes.<\/p>\n<p>A <strong>Escola Easy Way<\/strong> se orgulha em proporcionar a <strong>flu\u00eancia<\/strong> do aluno em <strong>apenas 42 meses<\/strong>, <strong>ou menos<\/strong> atrav\u00e9s da turma VIP.<\/p>\n<p>Tr\u00eas anos e meio s\u00e3o necess\u00e1rios para o aluno ficar fluente atrav\u00e9s da <strong>metodologia<\/strong> da Escola Easy Way, nela, o aluno <strong>aprende se divertindo<\/strong> ao longo do curso.[\/vc_column_text][vc_empty_space height=&#8221;3em&#8221;][\/vc_column][\/vc_row]\n<\/div>","protected":false},"excerpt":{"rendered":"<p>[vc_row][vc_column width=&#8221;1\/1&#8243;][vc_column_text] Diferenciais [\/vc_column_text][vc_separator type=&#8221;small&#8221; position=&#8221;center&#8221; up=&#8221;24&#8243; down=&#8221;29&#8243;][vc_single_image image=&#8221;15391&#8243; alignment=&#8221;center&#8221; border_color=&#8221;grey&#8221; img_link_target=&#8221;_self&#8221; img_size=&#8221;1100&#215;466&#8243; qode_css_animation=&#8221;element_from_fade&#8221; transition_delay=&#8221;0.1&#8243;][vc_empty_space height=&#8221;3em&#8221;][vc_column_text][\/vc_column][\/vc_row][vc_row][vc_column width=&#8221;1\/2&#8243;][vc_column_text] Turmas Reduzidas [\/vc_column_text][vc_separator type=&#8221;small&#8221; position=&#8221;center&#8221; up=&#8221;24&#8243; down=&#8221;29&#8243;][vc_single_image image=&#8221;15390&#8243; border_color=&#8221;grey&#8221; img_link_target=&#8221;_self&#8221; qode_css_animation=&#8221;element_from_fade&#8221; transition_delay=&#8221;0.1&#8243; img_size=&#8221;535&#215;333&#8243;][vc_empty_space height=&#8221;1em&#8221;][vc_column_text]As turmas s\u00e3o reduzidas, em m\u00e9dia, 6 alunos assistem \u00e0s aulas em cada sala. As&#8230;<\/p>\n","protected":false},"author":2,"featured_media":0,"parent":15384,"menu_order":0,"comment_status":"open","ping_status":"open","template":"","meta":{"_exactmetrics_skip_tracking":false,"_exactmetrics_sitenote_active":false,"_exactmetrics_sitenote_note":"","_exactmetrics_sitenote_category":0,"footnotes":""},"class_list":["post-15388","page","type-page","status-publish","hentry"],"_links":{"self":[{"href":"https:\/\/escolaeasyway.com.br\/site\/wp-json\/wp\/v2\/pages\/15388","targetHints":{"allow":["GET"]}}],"collection":[{"href":"https:\/\/escolaeasyway.com.br\/site\/wp-json\/wp\/v2\/pages"}],"about":[{"href":"https:\/\/escolaeasyway.com.br\/site\/wp-json\/wp\/v2\/types\/page"}],"author":[{"embeddable":true,"href":"https:\/\/escolaeasyway.com.br\/site\/wp-json\/wp\/v2\/users\/2"}],"replies":[{"embeddable":true,"href":"https:\/\/escolaeasyway.com.br\/site\/wp-json\/wp\/v2\/comments?post=15388"}],"version-history":[{"count":0,"href":"https:\/\/escolaeasyway.com.br\/site\/wp-json\/wp\/v2\/pages\/15388\/revisions"}],"up":[{"embeddable":true,"href":"https:\/\/escolaeasyway.com.br\/site\/wp-json\/wp\/v2\/pages\/15384"}],"wp:attachment":[{"href":"https:\/\/escolaeasyway.com.br\/site\/wp-json\/wp\/v2\/media?parent=15388"}],"curies":[{"name":"wp","href":"https:\/\/api.w.org\/{rel}","templated":true}]}}