{"id":15384,"date":"2015-06-15T13:27:44","date_gmt":"2015-06-15T16:27:44","guid":{"rendered":"https:\/\/escolaeasyway.com.br\/site\/?page_id=15384"},"modified":"2018-09-06T09:55:30","modified_gmt":"2018-09-06T12:55:30","slug":"quem-somos","status":"publish","type":"page","link":"https:\/\/escolaeasyway.com.br\/site\/quem-somos\/","title":{"rendered":"Quem Somos"},"content":{"rendered":"<div class=\"wpb-content-wrapper\">[vc_row][vc_column width=&#8221;1\/2&#8243;][vc_column_text]\n<h2 style=\"text-align: center;\">A Escola<\/h2>\n[\/vc_column_text][vc_separator type=&#8221;small&#8221; up=&#8221;24&#8243; down=&#8221;29&#8243;][vc_single_image image=&#8221;15386&#8243; img_size=&#8221;535&#215;333&#8243; alignment=&#8221;center&#8221; qode_css_animation=&#8221;element_from_fade&#8221; transition_delay=&#8221;0.1&#8243;][vc_empty_space height=&#8221;1em&#8221;][vc_column_text]A <strong>Escola Easy Way<\/strong> nasceu do sonho de um jovem que um dia foi ao cinema e que durante a exibi\u00e7\u00e3o do filme <a href=\"https:\/\/en.wikipedia.org\/wiki\/Roller_Boogie\" target=\"_blank\" rel=\"noopener\"><em><strong>Roller Boogie<\/strong><\/em><\/a>, decidiu que iria morar nos <strong><a href=\"https:\/\/pt.wikipedia.org\/wiki\/Estados_Unidos\" target=\"_blank\" rel=\"noopener\">Estados Unidos da Am\u00e9rica<\/a><\/strong>.<\/p>\n<p>Antes que isso realmente se tornasse real, precisava falar Ingl\u00eas. Essa necessidade de aprendizado conduziu o jovem \u00e0 uma escola especializada no ensino de idiomas. Ele ficou maravilhado com o universo que se abriu a sua frente desde ent\u00e3o.[\/vc_column_text]<a href=\"https:\/\/escolaeasyway.com.br\/site\/quem-somos\/a-escola\/\" target=\"_self\"  class=\"qbutton \" style=\"margin: 15px 0px 0px 0px; \">Saiba mais<\/a>[vc_empty_space height=&#8221;3em&#8221;][\/vc_column][vc_column width=&#8221;1\/2&#8243;][vc_column_text]\n<h2 style=\"text-align: center;\">Metodologia<\/h2>\n[\/vc_column_text][vc_separator type=&#8221;small&#8221; up=&#8221;24&#8243; down=&#8221;29&#8243;][vc_single_image image=&#8221;15825&#8243; img_size=&#8221;535&#215;333&#8243; alignment=&#8221;center&#8221; qode_css_animation=&#8221;element_from_fade&#8221; transition_delay=&#8221;0.2&#8243;][vc_empty_space height=&#8221;1em&#8221;][vc_column_text]As <strong>turmas<\/strong> s\u00e3o <strong>reduzidas<\/strong>, em m\u00e9dia, <strong>6 alunos<\/strong> assistem \u00e0s aulas em cada sala.<\/p>\n<p>\u00c9 dada \u00eanfase \u00e0 <strong>conversa\u00e7\u00e3o<\/strong>, apesar de o aluno desenvolver tamb\u00e9m as demais habilidades necess\u00e1rias para se comunicar na l\u00edngua inglesa, como, escrita, leitura e compreens\u00e3o oral.<\/p>\n<p>O ensino \u00e9 voltado para o <strong>ingl\u00eas pr\u00e1tico<\/strong> utilizado no ambiente <strong>social e profissional<\/strong>, desenvolvendo todas as habilidades necess\u00e1rias para a comunica\u00e7\u00e3o.[\/vc_column_text]<a href=\"https:\/\/escolaeasyway.com.br\/site\/quem-somos\/metodologia\/\" target=\"_self\"  class=\"qbutton \" style=\"margin: 15px 0px 0px 0px; \">Saiba mais<\/a>[vc_empty_space height=&#8221;3em&#8221;][\/vc_column][\/vc_row][vc_row][vc_column width=&#8221;1\/2&#8243;][vc_column_text]\n<h2 style=\"text-align: center;\">Turmas<\/h2>\n[\/vc_column_text][vc_separator type=&#8221;small&#8221; up=&#8221;24&#8243; down=&#8221;29&#8243;][vc_single_image image=&#8221;15468&#8243; img_size=&#8221;535&#215;333&#8243; alignment=&#8221;center&#8221; qode_css_animation=&#8221;element_from_fade&#8221; transition_delay=&#8221;0.1&#8243;][vc_empty_space height=&#8221;1em&#8221;][vc_column_text]O professor \u00e9 treinado para ter a <strong>habilidade de surpreender<\/strong> os alunos, acompanhando dentro e fora da sala de aula, promovendo um <strong>ambiente descontra\u00eddo<\/strong> que facilita a reten\u00e7\u00e3o das informa\u00e7\u00f5es.<\/p>\n<p>As turmas <strong>teenage<\/strong> s\u00e3o <strong>formadas<\/strong> apenas por <strong>adolescentes<\/strong>, pessoas da mesma faixa et\u00e1ria, que entendem o <strong>mesmo mundo<\/strong>.<\/p>\n<p>As <strong>turmas VIP<\/strong> s\u00e3o voltadas para alunos que precisam <strong>aprender<\/strong> um idioma de forma <strong>acelerada e eficaz<\/strong>.[\/vc_column_text]<a href=\"https:\/\/escolaeasyway.com.br\/site\/quem-somos\/turmas\/\" target=\"_self\"  class=\"qbutton \" style=\"margin: 15px 0px 0px 0px; \">Saiba mais<\/a>[vc_empty_space height=&#8221;3em&#8221;][\/vc_column][vc_column width=&#8221;1\/2&#8243;][vc_column_text]\n<h2 style=\"text-align: center;\">Ambientes<\/h2>\n[\/vc_column_text][vc_separator type=&#8221;small&#8221; up=&#8221;24&#8243; down=&#8221;29&#8243;][vc_single_image image=&#8221;15451&#8243; img_size=&#8221;535&#215;333&#8243; alignment=&#8221;center&#8221; qode_css_animation=&#8221;element_from_fade&#8221; transition_delay=&#8221;0.2&#8243;][vc_empty_space height=&#8221;1em&#8221;][vc_column_text]A <strong>Escola Easy Way<\/strong> preparou ambientes <strong>confort\u00e1veis e agrad\u00e1veis<\/strong> para estimular a aprendizagem do idioma ingl\u00eas.<br \/>\nOs ambientes foram <strong>planejados<\/strong> cuidadosamente para <strong>estimular<\/strong> a curiosidade e <strong>senso de pesquisa<\/strong> do aluno.<\/p>\n<p>As salas de aula s\u00e3o <strong>climatizadas<\/strong> e contem <strong>computadores de \u00faltima gera\u00e7\u00e3o<\/strong> para o desenvolvimento das aulas com turmas pequenas, facilitando a comunica\u00e7\u00e3o e intera\u00e7\u00e3o entre o professor e o aluno.[\/vc_column_text]<a href=\"https:\/\/escolaeasyway.com.br\/site\/quem-somos\/ambientes\/\" target=\"_self\"  class=\"qbutton \" style=\"margin: 15px 0px 0px 0px; \">Saiba mais<\/a>[vc_empty_space height=&#8221;3em&#8221;][\/vc_column][\/vc_row]\n<\/div>","protected":false},"excerpt":{"rendered":"<p>[vc_row][vc_column width=&#8221;1\/2&#8243;][vc_column_text] A Escola [\/vc_column_text][vc_separator type=&#8221;small&#8221; up=&#8221;24&#8243; down=&#8221;29&#8243;][vc_single_image image=&#8221;15386&#8243; img_size=&#8221;535&#215;333&#8243; alignment=&#8221;center&#8221; qode_css_animation=&#8221;element_from_fade&#8221; transition_delay=&#8221;0.1&#8243;][vc_empty_space height=&#8221;1em&#8221;][vc_column_text]A Escola Easy Way nasceu do sonho de um jovem que um dia foi ao cinema e que durante a exibi\u00e7\u00e3o do filme Roller Boogie, decidiu que iria morar nos Estados Unidos&#8230;<\/p>\n","protected":false},"author":2,"featured_media":0,"parent":0,"menu_order":0,"comment_status":"closed","ping_status":"closed","template":"","meta":{"_exactmetrics_skip_tracking":false,"_exactmetrics_sitenote_active":false,"_exactmetrics_sitenote_note":"","_exactmetrics_sitenote_category":0,"footnotes":""},"class_list":["post-15384","page","type-page","status-publish","hentry"],"_links":{"self":[{"href":"https:\/\/escolaeasyway.com.br\/site\/wp-json\/wp\/v2\/pages\/15384","targetHints":{"allow":["GET"]}}],"collection":[{"href":"https:\/\/escolaeasyway.com.br\/site\/wp-json\/wp\/v2\/pages"}],"about":[{"href":"https:\/\/escolaeasyway.com.br\/site\/wp-json\/wp\/v2\/types\/page"}],"author":[{"embeddable":true,"href":"https:\/\/escolaeasyway.com.br\/site\/wp-json\/wp\/v2\/users\/2"}],"replies":[{"embeddable":true,"href":"https:\/\/escolaeasyway.com.br\/site\/wp-json\/wp\/v2\/comments?post=15384"}],"version-history":[{"count":0,"href":"https:\/\/escolaeasyway.com.br\/site\/wp-json\/wp\/v2\/pages\/15384\/revisions"}],"wp:attachment":[{"href":"https:\/\/escolaeasyway.com.br\/site\/wp-json\/wp\/v2\/media?parent=15384"}],"curies":[{"name":"wp","href":"https:\/\/api.w.org\/{rel}","templated":true}]}}